{"id":3160,"date":"2025-03-04T10:42:07","date_gmt":"2025-03-04T10:42:07","guid":{"rendered":"https:\/\/oporto-specialrentalbikes.pt\/?post_type=product&#038;p=3160"},"modified":"2026-02-21T16:20:38","modified_gmt":"2026-02-21T16:20:38","slug":"capacete-de-ciclismo","status":"publish","type":"product","link":"https:\/\/oporto-specialrentalbikes.pt\/en\/product\/capacete-de-ciclismo\/","title":{"rendered":"Helmet with Visor"},"content":{"rendered":"<p>Capacete multiuso com a melhor rela\u00e7\u00e3o qualidade pre\u00e7o que alia a performance e o conforto.<\/p>\n<h3 class=\"text-lg font-semibold mb-1\">Detalhes do produto<\/h3>\n<ol class=\"prod-overview__key-features__orderedlist\">\n<li class=\"prod-overview__key-features__orderedlist-items\">Concebido para ventila\u00e7\u00f5es maiores e fluxo de ar melhorado, mas mantendo a integridade estrutural<\/li>\n<li class=\"prod-overview__key-features__orderedlist-items\">As op\u00e7\u00f5es de pala incorporada e amov\u00edvel oferecem-te as duas escolhas para prote\u00e7\u00e3o constante<\/li>\n<li class=\"prod-overview__key-features__orderedlist-items\">Com o sistema de ajuste intuitivo Headmaster basta uma m\u00e3o para ajustar a altura e a circunfer\u00eancia<\/li>\n<li class=\"prod-overview__key-features__orderedlist-items\">Os separadores LockDown conferem um aspeto limpo \u00e0 gest\u00e3o das cintas do capacete e facilitam o seu ajuste<\/li>\n<li class=\"prod-overview__key-features__orderedlist-items\">Canais internos sulcados fazem circular o ar pela tua cabe\u00e7a para que se mantenha fresca e seca<\/li>\n<li class=\"prod-overview__key-features__orderedlist-items\">As prote\u00e7\u00f5es almofadadas do capacete s\u00e3o macias, confort\u00e1veis, lav\u00e1veis e afastam a humidade<\/li>\n<li class=\"prod-overview__key-features__orderedlist-items\">A Garantia de Substitui\u00e7\u00e3o por Acidente proporciona uma substitui\u00e7\u00e3o gratuita do capacete, caso este seja envolvido num acidente no primeiro ano de propriedade<\/li>\n<\/ol>","protected":false},"excerpt":{"rendered":"<h3><strong>Helmet<\/strong> Trek Solstice ou Similar<\/h3>","protected":false},"featured_media":3164,"comment_status":"open","ping_status":"closed","template":"","meta":{"zakra_sidebar_layout":"customizer","zakra_remove_content_margin":false,"zakra_sidebar":"customizer","zakra_transparent_header":"customizer","zakra_logo":0,"zakra_main_header_style":"default","zakra_menu_item_color":"","zakra_menu_item_hover_color":"","zakra_menu_item_active_color":"","zakra_menu_active_style":"","zakra_page_header":true},"product_brand":[],"product_cat":[16],"product_tag":[],"class_list":{"0":"post-3160","1":"product","2":"type-product","3":"status-publish","4":"has-post-thumbnail","6":"product_cat-accessories","8":"first","9":"instock","10":"virtual","11":"purchasable","12":"product-type-simple"},"_links":{"self":[{"href":"https:\/\/oporto-specialrentalbikes.pt\/en\/wp-json\/wp\/v2\/product\/3160","targetHints":{"allow":["GET"]}}],"collection":[{"href":"https:\/\/oporto-specialrentalbikes.pt\/en\/wp-json\/wp\/v2\/product"}],"about":[{"href":"https:\/\/oporto-specialrentalbikes.pt\/en\/wp-json\/wp\/v2\/types\/product"}],"replies":[{"embeddable":true,"href":"https:\/\/oporto-specialrentalbikes.pt\/en\/wp-json\/wp\/v2\/comments?post=3160"}],"wp:featuredmedia":[{"embeddable":true,"href":"https:\/\/oporto-specialrentalbikes.pt\/en\/wp-json\/wp\/v2\/media\/3164"}],"wp:attachment":[{"href":"https:\/\/oporto-specialrentalbikes.pt\/en\/wp-json\/wp\/v2\/media?parent=3160"}],"wp:term":[{"taxonomy":"product_brand","embeddable":true,"href":"https:\/\/oporto-specialrentalbikes.pt\/en\/wp-json\/wp\/v2\/product_brand?post=3160"},{"taxonomy":"product_cat","embeddable":true,"href":"https:\/\/oporto-specialrentalbikes.pt\/en\/wp-json\/wp\/v2\/product_cat?post=3160"},{"taxonomy":"product_tag","embeddable":true,"href":"https:\/\/oporto-specialrentalbikes.pt\/en\/wp-json\/wp\/v2\/product_tag?post=3160"}],"curies":[{"name":"wp","href":"https:\/\/api.w.org\/{rel}","templated":true}]}}