{"id":2373,"date":"2025-01-26T17:24:16","date_gmt":"2025-01-26T17:24:16","guid":{"rendered":"https:\/\/oporto-specialrentalbikes.pt\/?post_type=product&#038;p=2373"},"modified":"2026-02-21T17:15:28","modified_gmt":"2026-02-21T17:15:28","slug":"santiago","status":"publish","type":"product","link":"https:\/\/oporto-specialrentalbikes.pt\/en\/product\/santiago\/","title":{"rendered":"Santiago"},"content":{"rendered":"<p>Os caminhos de Santiago s\u00e3o os percursos percorridos pelos peregrinos que afluem a Santiago de Compostela desde o s\u00e9culo IX para venerar as rel\u00edquias do Ap\u00f3stolo Santiago Maior, cujo sepulcro se encontra na Catedral de Santiago de Compostela.<\/p>","protected":false},"excerpt":{"rendered":"<p>Os caminhos s\u00e3o percorridos normalmente a p\u00e9 ou de bicicleta.<\/p>\n<p>Para mais informa\u00e7\u00f5es, por favor contacte-nos.<\/p>","protected":false},"featured_media":1837,"comment_status":"open","ping_status":"closed","template":"","meta":{"zakra_sidebar_layout":"customizer","zakra_remove_content_margin":false,"zakra_sidebar":"customizer","zakra_transparent_header":"customizer","zakra_logo":0,"zakra_main_header_style":"default","zakra_menu_item_color":"","zakra_menu_item_hover_color":"","zakra_menu_item_active_color":"","zakra_menu_active_style":"","zakra_page_header":true},"product_brand":[],"product_cat":[17],"product_tag":[],"class_list":{"0":"post-2373","1":"product","2":"type-product","3":"status-publish","4":"has-post-thumbnail","6":"product_cat-passeios","8":"first","9":"instock","10":"sale","11":"shipping-taxable","12":"purchasable","13":"product-type-variable"},"_links":{"self":[{"href":"https:\/\/oporto-specialrentalbikes.pt\/en\/wp-json\/wp\/v2\/product\/2373","targetHints":{"allow":["GET"]}}],"collection":[{"href":"https:\/\/oporto-specialrentalbikes.pt\/en\/wp-json\/wp\/v2\/product"}],"about":[{"href":"https:\/\/oporto-specialrentalbikes.pt\/en\/wp-json\/wp\/v2\/types\/product"}],"replies":[{"embeddable":true,"href":"https:\/\/oporto-specialrentalbikes.pt\/en\/wp-json\/wp\/v2\/comments?post=2373"}],"wp:featuredmedia":[{"embeddable":true,"href":"https:\/\/oporto-specialrentalbikes.pt\/en\/wp-json\/wp\/v2\/media\/1837"}],"wp:attachment":[{"href":"https:\/\/oporto-specialrentalbikes.pt\/en\/wp-json\/wp\/v2\/media?parent=2373"}],"wp:term":[{"taxonomy":"product_brand","embeddable":true,"href":"https:\/\/oporto-specialrentalbikes.pt\/en\/wp-json\/wp\/v2\/product_brand?post=2373"},{"taxonomy":"product_cat","embeddable":true,"href":"https:\/\/oporto-specialrentalbikes.pt\/en\/wp-json\/wp\/v2\/product_cat?post=2373"},{"taxonomy":"product_tag","embeddable":true,"href":"https:\/\/oporto-specialrentalbikes.pt\/en\/wp-json\/wp\/v2\/product_tag?post=2373"}],"curies":[{"name":"wp","href":"https:\/\/api.w.org\/{rel}","templated":true}]}}